{"id":1684,"date":"2022-12-02T15:21:57","date_gmt":"2022-12-02T14:21:57","guid":{"rendered":"https:\/\/germandomes.de\/abus-door-lock\/"},"modified":"2023-01-31T14:34:19","modified_gmt":"2023-01-31T13:34:19","slug":"abus-door-lock","status":"publish","type":"page","link":"https:\/\/germandomes.de\/en\/abus-door-lock\/","title":{"rendered":"Abus door lock"},"content":{"rendered":"\n<style type=\"text\/css\" data-created_by=\"avia_inline_auto\" id=\"style-css-av-av_section-667c77f76a38777f80e04bd31b00652b\">\n.avia-section.av-av_section-667c77f76a38777f80e04bd31b00652b{\nmargin-top:0px;\nmargin-bottom:70px;\n}\n<\/style>\n<div id='av_section_1'  class='avia-section av-av_section-667c77f76a38777f80e04bd31b00652b main_color avia-section-default avia-no-border-styling  avia-builder-el-0  avia-builder-el-no-sibling  avia-bg-style-scroll container_wrap fullsize'  ><div class='container av-section-cont-open' ><main  role=\"main\" itemprop=\"mainContentOfPage\"  class='template-page content  av-content-full alpha units'><div class='post-entry post-entry-type-page post-entry-1684'><div class='entry-content-wrapper clearfix'>\n\n<style type=\"text\/css\" data-created_by=\"avia_inline_auto\" id=\"style-css-av-lb6lfpqk-37bb60d3a37564a5a9fa868e9a28a4c3\">\n#top .av-special-heading.av-lb6lfpqk-37bb60d3a37564a5a9fa868e9a28a4c3{\npadding-bottom:10px;\n}\nbody .av-special-heading.av-lb6lfpqk-37bb60d3a37564a5a9fa868e9a28a4c3 .av-special-heading-tag .heading-char{\nfont-size:25px;\n}\n.av-special-heading.av-lb6lfpqk-37bb60d3a37564a5a9fa868e9a28a4c3 .av-subheading{\nfont-size:15px;\n}\n\n@media only screen and (min-width: 480px) and (max-width: 767px){ \n#top #wrap_all .av-special-heading.av-lb6lfpqk-37bb60d3a37564a5a9fa868e9a28a4c3 .av-special-heading-tag{\nfont-size:40px;\n}\n}\n<\/style>\n<div  class='av-special-heading av-lb6lfpqk-37bb60d3a37564a5a9fa868e9a28a4c3 av-special-heading-h2 blockquote modern-quote  avia-builder-el-1  el_before_av_hr  avia-builder-el-first '><h2 class='av-special-heading-tag'  itemprop=\"headline\"  > Abus door lock<\/h2><div class=\"special-heading-border\"><div class=\"special-heading-inner-border\"><\/div><\/div><\/div>\n\n<style type=\"text\/css\" data-created_by=\"avia_inline_auto\" id=\"style-css-av-av_hr-99b462fe02d4b0c04645adab155beeba\">\n#top .hr.av-av_hr-99b462fe02d4b0c04645adab155beeba{\nmargin-top:0px;\nmargin-bottom:30px;\n}\n.hr.av-av_hr-99b462fe02d4b0c04645adab155beeba .hr-inner{\nwidth:100%;\nborder-color:#3d4a4d;\n}\n<\/style>\n<div  class='hr av-av_hr-99b462fe02d4b0c04645adab155beeba hr-custom  avia-builder-el-2  el_after_av_heading  el_before_av_image  hr-left hr-icon-no'><span class='hr-inner inner-border-av-border-thin'><span class=\"hr-inner-style\"><\/span><\/span><\/div>\n\n<style type=\"text\/css\" data-created_by=\"avia_inline_auto\" id=\"style-css-av-lb6lg2vo-ffce527cceb77f66efe80a64d66937a9\">\n.avia-image-container.av-lb6lg2vo-ffce527cceb77f66efe80a64d66937a9 img.avia_image{\nbox-shadow:none;\n}\n.avia-image-container.av-lb6lg2vo-ffce527cceb77f66efe80a64d66937a9 .av-image-caption-overlay-center{\ncolor:#ffffff;\n}\n<\/style>\n<div  class='avia-image-container av-lb6lg2vo-ffce527cceb77f66efe80a64d66937a9 av-styling- avia-align-center  avia-builder-el-3  el_after_av_hr  el_before_av_textblock '   itemprop=\"image\" itemscope=\"itemscope\" itemtype=\"https:\/\/schema.org\/ImageObject\" ><div class=\"avia-image-container-inner\"><div class=\"avia-image-overlay-wrap\"><img fetchpriority=\"high\" fetchpriority=\"high\" decoding=\"async\" class='wp-image-1672 avia-img-lazy-loading-not-1672 avia_image ' src=\"https:\/\/germandomes.de\/wp-content\/uploads\/2022\/12\/GA-04_Abus_1_220604.jpeg\" alt='GermanDomes - Glaskuppel, Glas Domes, Geodomes, Geod\u00e4tische Kuppel, Geodesic Domes' title='GA 04_Abus_1_220604'  height=\"585\" width=\"800\"  itemprop=\"thumbnailUrl\" srcset=\"https:\/\/germandomes.de\/wp-content\/uploads\/2022\/12\/GA-04_Abus_1_220604.jpeg 800w, https:\/\/germandomes.de\/wp-content\/uploads\/2022\/12\/GA-04_Abus_1_220604-300x219.jpeg 300w, https:\/\/germandomes.de\/wp-content\/uploads\/2022\/12\/GA-04_Abus_1_220604-768x562.jpeg 768w, https:\/\/germandomes.de\/wp-content\/uploads\/2022\/12\/GA-04_Abus_1_220604-705x516.jpeg 705w\" sizes=\"(max-width: 800px) 100vw, 800px\" \/><\/div><\/div><\/div>\n<section  class='av_textblock_section av-lb6lggre-a21c0e3956cce40cd3b2ce3b974d87a4'  itemscope=\"itemscope\" itemtype=\"https:\/\/schema.org\/CreativeWork\" ><div class='avia_textblock'  itemprop=\"text\" ><p>Our partner Abus KG is a reputable German manufacturer of high-quality security locking systems. All door locks of the GEO series are profile cylinders of security level 3. The 3-pin cylinder system and their mushroom head counter-pins ensure effective protection against picking and tampering. <\/p>\n<p>Abus security locks are extremely durable, stable and come with three security keys each.<\/p>\n<\/div><\/section>\n\n","protected":false},"excerpt":{"rendered":"","protected":false},"author":3,"featured_media":0,"parent":0,"menu_order":0,"comment_status":"closed","ping_status":"closed","template":"","meta":{"inline_featured_image":false,"footnotes":""},"class_list":["post-1684","page","type-page","status-publish","hentry"],"yoast_head":"<!-- This site is optimized with the Yoast SEO plugin v27.4 - https:\/\/yoast.com\/product\/yoast-seo-wordpress\/ -->\n<title>GermanDomes | Geod\u00e4tische Kuppeln f\u00fcr Messe, Event und Garten<\/title>\n<meta name=\"description\" content=\"GermanDomes | Geod\u00e4tische Kuppeln f\u00fcr Messe, Event und Garten - modern, zeitlos und innovativ - be outside inside\" \/>\n<meta name=\"robots\" content=\"index, follow, max-snippet:-1, max-image-preview:large, max-video-preview:-1\" \/>\n<link rel=\"canonical\" href=\"https:\/\/germandomes.de\/en\/abus-door-lock\/\" \/>\n<meta property=\"og:locale\" content=\"en_US\" \/>\n<meta property=\"og:type\" content=\"article\" \/>\n<meta property=\"og:title\" content=\"GermanDomes | Geod\u00e4tische Kuppeln f\u00fcr Messe, Event und Garten\" \/>\n<meta property=\"og:description\" content=\"GermanDomes | Geod\u00e4tische Kuppeln f\u00fcr Messe, Event und Garten - modern, zeitlos und innovativ - be outside inside\" \/>\n<meta property=\"og:url\" content=\"https:\/\/germandomes.de\/en\/abus-door-lock\/\" \/>\n<meta property=\"og:site_name\" content=\"GermanDomes Shop\" \/>\n<meta property=\"article:modified_time\" content=\"2023-01-31T13:34:19+00:00\" \/>\n<meta name=\"twitter:card\" content=\"summary_large_image\" \/>\n<meta name=\"twitter:label1\" content=\"Est. reading time\" \/>\n\t<meta name=\"twitter:data1\" content=\"5 minutes\" \/>\n<script type=\"application\/ld+json\" class=\"yoast-schema-graph\">{\"@context\":\"https:\\\/\\\/schema.org\",\"@graph\":[{\"@type\":\"WebPage\",\"@id\":\"https:\\\/\\\/germandomes.de\\\/en\\\/abus-door-lock\\\/\",\"url\":\"https:\\\/\\\/germandomes.de\\\/en\\\/abus-door-lock\\\/\",\"name\":\"GermanDomes | Geod\u00e4tische Kuppeln f\u00fcr Messe, Event und Garten\",\"isPartOf\":{\"@id\":\"https:\\\/\\\/germandomes.de\\\/en\\\/#website\"},\"datePublished\":\"2022-12-02T14:21:57+00:00\",\"dateModified\":\"2023-01-31T13:34:19+00:00\",\"description\":\"GermanDomes | Geod\u00e4tische Kuppeln f\u00fcr Messe, Event und Garten - modern, zeitlos und innovativ - be outside inside\",\"breadcrumb\":{\"@id\":\"https:\\\/\\\/germandomes.de\\\/en\\\/abus-door-lock\\\/#breadcrumb\"},\"inLanguage\":\"en-US\",\"potentialAction\":[{\"@type\":\"ReadAction\",\"target\":[\"https:\\\/\\\/germandomes.de\\\/en\\\/abus-door-lock\\\/\"]}]},{\"@type\":\"BreadcrumbList\",\"@id\":\"https:\\\/\\\/germandomes.de\\\/en\\\/abus-door-lock\\\/#breadcrumb\",\"itemListElement\":[{\"@type\":\"ListItem\",\"position\":1,\"name\":\"Startseite\",\"item\":\"https:\\\/\\\/germandomes.de\\\/en\\\/home\\\/\"},{\"@type\":\"ListItem\",\"position\":2,\"name\":\"Abus door lock\"}]},{\"@type\":\"WebSite\",\"@id\":\"https:\\\/\\\/germandomes.de\\\/en\\\/#website\",\"url\":\"https:\\\/\\\/germandomes.de\\\/en\\\/\",\"name\":\"GermanDomes: Transparente Garten Kuppeln f\u00fcr Messe, Event, Garten, Glampling\",\"description\":\"Garten Kuppel | Transparente Kugel | Geo Dome  | Glamping Kuppel | Kuppeln | Dome\",\"publisher\":{\"@id\":\"https:\\\/\\\/germandomes.de\\\/en\\\/#organization\"},\"alternateName\":\"GermanDomes\",\"potentialAction\":[{\"@type\":\"SearchAction\",\"target\":{\"@type\":\"EntryPoint\",\"urlTemplate\":\"https:\\\/\\\/germandomes.de\\\/en\\\/?s={search_term_string}\"},\"query-input\":{\"@type\":\"PropertyValueSpecification\",\"valueRequired\":true,\"valueName\":\"search_term_string\"}}],\"inLanguage\":\"en-US\"},{\"@type\":\"Organization\",\"@id\":\"https:\\\/\\\/germandomes.de\\\/en\\\/#organization\",\"name\":\"GermanDomes: Transparente Garten Kuppeln f\u00fcr Messe, Event, Garten, Glampling\",\"url\":\"https:\\\/\\\/germandomes.de\\\/en\\\/\",\"logo\":{\"@type\":\"ImageObject\",\"inLanguage\":\"en-US\",\"@id\":\"https:\\\/\\\/germandomes.de\\\/en\\\/#\\\/schema\\\/logo\\\/image\\\/\",\"url\":\"https:\\\/\\\/germandomes.de\\\/wp-content\\\/uploads\\\/2023\\\/04\\\/GED_Logo_500.png\",\"contentUrl\":\"https:\\\/\\\/germandomes.de\\\/wp-content\\\/uploads\\\/2023\\\/04\\\/GED_Logo_500.png\",\"width\":500,\"height\":252,\"caption\":\"GermanDomes: Transparente Garten Kuppeln f\u00fcr Messe, Event, Garten, Glampling\"},\"image\":{\"@id\":\"https:\\\/\\\/germandomes.de\\\/en\\\/#\\\/schema\\\/logo\\\/image\\\/\"},\"sameAs\":[\"https:\\\/\\\/www.instagram.com\\\/germandomes\\\/\",\"https:\\\/\\\/de.pinterest.com\\\/germandomes\\\/\",\"https:\\\/\\\/www.linkedin.com\\\/company\\\/german-domes-gmbh\"]}]}<\/script>\n<!-- \/ Yoast SEO plugin. -->","yoast_head_json":{"title":"GermanDomes | Geod\u00e4tische Kuppeln f\u00fcr Messe, Event und Garten","description":"GermanDomes | Geod\u00e4tische Kuppeln f\u00fcr Messe, Event und Garten - modern, zeitlos und innovativ - be outside inside","robots":{"index":"index","follow":"follow","max-snippet":"max-snippet:-1","max-image-preview":"max-image-preview:large","max-video-preview":"max-video-preview:-1"},"canonical":"https:\/\/germandomes.de\/en\/abus-door-lock\/","og_locale":"en_US","og_type":"article","og_title":"GermanDomes | Geod\u00e4tische Kuppeln f\u00fcr Messe, Event und Garten","og_description":"GermanDomes | Geod\u00e4tische Kuppeln f\u00fcr Messe, Event und Garten - modern, zeitlos und innovativ - be outside inside","og_url":"https:\/\/germandomes.de\/en\/abus-door-lock\/","og_site_name":"GermanDomes Shop","article_modified_time":"2023-01-31T13:34:19+00:00","twitter_card":"summary_large_image","twitter_misc":{"Est. reading time":"5 minutes"},"schema":{"@context":"https:\/\/schema.org","@graph":[{"@type":"WebPage","@id":"https:\/\/germandomes.de\/en\/abus-door-lock\/","url":"https:\/\/germandomes.de\/en\/abus-door-lock\/","name":"GermanDomes | Geod\u00e4tische Kuppeln f\u00fcr Messe, Event und Garten","isPartOf":{"@id":"https:\/\/germandomes.de\/en\/#website"},"datePublished":"2022-12-02T14:21:57+00:00","dateModified":"2023-01-31T13:34:19+00:00","description":"GermanDomes | Geod\u00e4tische Kuppeln f\u00fcr Messe, Event und Garten - modern, zeitlos und innovativ - be outside inside","breadcrumb":{"@id":"https:\/\/germandomes.de\/en\/abus-door-lock\/#breadcrumb"},"inLanguage":"en-US","potentialAction":[{"@type":"ReadAction","target":["https:\/\/germandomes.de\/en\/abus-door-lock\/"]}]},{"@type":"BreadcrumbList","@id":"https:\/\/germandomes.de\/en\/abus-door-lock\/#breadcrumb","itemListElement":[{"@type":"ListItem","position":1,"name":"Startseite","item":"https:\/\/germandomes.de\/en\/home\/"},{"@type":"ListItem","position":2,"name":"Abus door lock"}]},{"@type":"WebSite","@id":"https:\/\/germandomes.de\/en\/#website","url":"https:\/\/germandomes.de\/en\/","name":"GermanDomes: Transparente Garten Kuppeln f\u00fcr Messe, Event, Garten, Glampling","description":"Garten Kuppel | Transparente Kugel | Geo Dome  | Glamping Kuppel | Kuppeln | Dome","publisher":{"@id":"https:\/\/germandomes.de\/en\/#organization"},"alternateName":"GermanDomes","potentialAction":[{"@type":"SearchAction","target":{"@type":"EntryPoint","urlTemplate":"https:\/\/germandomes.de\/en\/?s={search_term_string}"},"query-input":{"@type":"PropertyValueSpecification","valueRequired":true,"valueName":"search_term_string"}}],"inLanguage":"en-US"},{"@type":"Organization","@id":"https:\/\/germandomes.de\/en\/#organization","name":"GermanDomes: Transparente Garten Kuppeln f\u00fcr Messe, Event, Garten, Glampling","url":"https:\/\/germandomes.de\/en\/","logo":{"@type":"ImageObject","inLanguage":"en-US","@id":"https:\/\/germandomes.de\/en\/#\/schema\/logo\/image\/","url":"https:\/\/germandomes.de\/wp-content\/uploads\/2023\/04\/GED_Logo_500.png","contentUrl":"https:\/\/germandomes.de\/wp-content\/uploads\/2023\/04\/GED_Logo_500.png","width":500,"height":252,"caption":"GermanDomes: Transparente Garten Kuppeln f\u00fcr Messe, Event, Garten, Glampling"},"image":{"@id":"https:\/\/germandomes.de\/en\/#\/schema\/logo\/image\/"},"sameAs":["https:\/\/www.instagram.com\/germandomes\/","https:\/\/de.pinterest.com\/germandomes\/","https:\/\/www.linkedin.com\/company\/german-domes-gmbh"]}]}},"jetpack_sharing_enabled":true,"_links":{"self":[{"href":"https:\/\/germandomes.de\/en\/wp-json\/wp\/v2\/pages\/1684","targetHints":{"allow":["GET"]}}],"collection":[{"href":"https:\/\/germandomes.de\/en\/wp-json\/wp\/v2\/pages"}],"about":[{"href":"https:\/\/germandomes.de\/en\/wp-json\/wp\/v2\/types\/page"}],"author":[{"embeddable":true,"href":"https:\/\/germandomes.de\/en\/wp-json\/wp\/v2\/users\/3"}],"replies":[{"embeddable":true,"href":"https:\/\/germandomes.de\/en\/wp-json\/wp\/v2\/comments?post=1684"}],"version-history":[{"count":7,"href":"https:\/\/germandomes.de\/en\/wp-json\/wp\/v2\/pages\/1684\/revisions"}],"predecessor-version":[{"id":3319,"href":"https:\/\/germandomes.de\/en\/wp-json\/wp\/v2\/pages\/1684\/revisions\/3319"}],"wp:attachment":[{"href":"https:\/\/germandomes.de\/en\/wp-json\/wp\/v2\/media?parent=1684"}],"curies":[{"name":"wp","href":"https:\/\/api.w.org\/{rel}","templated":true}]}}