{"id":3378,"date":"2022-12-05T16:03:56","date_gmt":"2022-12-05T15:03:56","guid":{"rendered":"https:\/\/germandomes.de\/imprint\/"},"modified":"2023-03-29T16:12:40","modified_gmt":"2023-03-29T14:12:40","slug":"imprint","status":"publish","type":"page","link":"https:\/\/germandomes.de\/en\/imprint\/","title":{"rendered":"Imprint"},"content":{"rendered":"<div id='av_section_1'  class='avia-section av-3rtv1h-00d33e348bc03c08d97d21f73bf83ac5 main_color avia-section-default avia-no-border-styling  avia-builder-el-0  avia-builder-el-no-sibling  avia-bg-style-scroll container_wrap fullsize'  ><div class='container av-section-cont-open' ><main  role=\"main\" itemprop=\"mainContentOfPage\"  class='template-page content  av-content-full alpha units'><div class='post-entry post-entry-type-page post-entry-3378'><div class='entry-content-wrapper clearfix'>\n<div class='flex_column av-2pkjph-93bf4f564f2ae85ca4ce7e58fad4021c av_one_full  avia-builder-el-1  avia-builder-el-no-sibling  first flex_column_div '     ><section  class='av_textblock_section av-lbaxal17-1ef75b7c4eea76b8626467287722d854'  itemscope=\"itemscope\" itemtype=\"https:\/\/schema.org\/CreativeWork\" ><div class='avia_textblock'  itemprop=\"text\" ><h3>Information pursuant to Sect. 5 German Telemedia Act (TMG)<\/h3>\n<p>GermanDomes GmbH<br \/>\nAm Kajatz 4<br \/>\n19217 Rehna<\/p>\n<p>Commercial Register: HRB 13564<br \/>\nRegistration court: Amtsgericht Schwerin<\/p>\n<p><strong>Represented by:<\/strong><br \/>\nG. Wormann<\/p>\n<h3>Contact<\/h3>\n<p>Phone: +49 (0) 38872 14960<br \/>\nE-mail: kontakt@germandomes.de<\/p>\n<h3>VAT ID<\/h3>\n<p>Sales tax identification number according to Sect. 27 a of the Sales Tax Law:<br \/>\nDE328008379<\/p>\n<h3>EU dispute resolution<\/h3>\n<p>The European Commission provides a platform for online dispute resolution (ODR): <a href=\"https:\/\/ec.europa.eu\/consumers\/odr\/\" target=\"_blank\" rel=\"noopener noreferrer\">https:\/\/ec.europa.eu\/consumers\/odr\/.<\/a> Our e-mail address can be found above in the site notice.<br \/>\nYou can find our e-mail address in the imprint above.<\/p>\n<h3>Dispute resolution proceedings in front of a consumer arbitration board<\/h3>\n<p>We participate in a dispute settlement procedure before a consumer arbitration board. The competent consumer arbitration board is Zentrum f\u00fcr Schlichtung e.V., Stra\u00dfburger Stra\u00dfe 8, 77694 Kehl am Rhein (<a href=\"https:\/\/www.verbraucher-schlichter.de\" target=\"_blank\" rel=\"noopener noreferrer\">https:\/\/www.verbraucher-schlichter.de<\/a>). <\/p>\n<h3>Picture and media credits<\/h3>\n<p>Images \/ GermanDomes<\/p>\n<p>istockphoto.com \/ \u00a9 dontree_m: &#8220;Ein Glas Espresso \u00fcber kalte frische Milch schie\u00dfen schaffen Gradient Schicht genannt Dirty Kaffee servieren mit warmem Wasser auf dem Holztablett&#8221;<\/p>\n<\/div><\/section><\/div>\n\n","protected":false},"excerpt":{"rendered":"","protected":false},"author":3,"featured_media":0,"parent":0,"menu_order":9,"comment_status":"closed","ping_status":"closed","template":"","meta":{"inline_featured_image":false,"footnotes":""},"class_list":["post-3378","page","type-page","status-publish","hentry"],"yoast_head":"<!-- This site is optimized with the Yoast SEO plugin v27.3 - https:\/\/yoast.com\/product\/yoast-seo-wordpress\/ -->\n<title>GermanDomes | Geod\u00e4tische Kuppeln f\u00fcr Messe, Event und Garten<\/title>\n<meta name=\"description\" content=\"GermanDomes | Geod\u00e4tische Kuppeln f\u00fcr Messe, Event und Garten - modern, zeitlos und innovativ - be outside inside\" \/>\n<meta name=\"robots\" content=\"index, follow, max-snippet:-1, max-image-preview:large, max-video-preview:-1\" \/>\n<link rel=\"canonical\" href=\"https:\/\/germandomes.de\/en\/imprint\/\" \/>\n<meta property=\"og:locale\" content=\"en_US\" \/>\n<meta property=\"og:type\" content=\"article\" \/>\n<meta property=\"og:title\" content=\"GermanDomes | Geod\u00e4tische Kuppeln f\u00fcr Messe, Event und Garten\" \/>\n<meta property=\"og:description\" content=\"GermanDomes | Geod\u00e4tische Kuppeln f\u00fcr Messe, Event und Garten - modern, zeitlos und innovativ - be outside inside\" \/>\n<meta property=\"og:url\" content=\"https:\/\/germandomes.de\/en\/imprint\/\" \/>\n<meta property=\"og:site_name\" content=\"GermanDomes Shop\" \/>\n<meta property=\"article:modified_time\" content=\"2023-03-29T14:12:40+00:00\" \/>\n<meta name=\"twitter:card\" content=\"summary_large_image\" \/>\n<meta name=\"twitter:label1\" content=\"Est. reading time\" \/>\n\t<meta name=\"twitter:data1\" content=\"3 minutes\" \/>\n<script type=\"application\/ld+json\" class=\"yoast-schema-graph\">{\"@context\":\"https:\\\/\\\/schema.org\",\"@graph\":[{\"@type\":\"WebPage\",\"@id\":\"https:\\\/\\\/germandomes.de\\\/en\\\/imprint\\\/\",\"url\":\"https:\\\/\\\/germandomes.de\\\/en\\\/imprint\\\/\",\"name\":\"GermanDomes | Geod\u00e4tische Kuppeln f\u00fcr Messe, Event und Garten\",\"isPartOf\":{\"@id\":\"https:\\\/\\\/germandomes.de\\\/en\\\/#website\"},\"datePublished\":\"2022-12-05T15:03:56+00:00\",\"dateModified\":\"2023-03-29T14:12:40+00:00\",\"description\":\"GermanDomes | Geod\u00e4tische Kuppeln f\u00fcr Messe, Event und Garten - modern, zeitlos und innovativ - be outside inside\",\"breadcrumb\":{\"@id\":\"https:\\\/\\\/germandomes.de\\\/en\\\/imprint\\\/#breadcrumb\"},\"inLanguage\":\"en-US\",\"potentialAction\":[{\"@type\":\"ReadAction\",\"target\":[\"https:\\\/\\\/germandomes.de\\\/en\\\/imprint\\\/\"]}]},{\"@type\":\"BreadcrumbList\",\"@id\":\"https:\\\/\\\/germandomes.de\\\/en\\\/imprint\\\/#breadcrumb\",\"itemListElement\":[{\"@type\":\"ListItem\",\"position\":1,\"name\":\"Startseite\",\"item\":\"https:\\\/\\\/germandomes.de\\\/en\\\/home\\\/\"},{\"@type\":\"ListItem\",\"position\":2,\"name\":\"Imprint\"}]},{\"@type\":\"WebSite\",\"@id\":\"https:\\\/\\\/germandomes.de\\\/en\\\/#website\",\"url\":\"https:\\\/\\\/germandomes.de\\\/en\\\/\",\"name\":\"GermanDomes: Transparente Garten Kuppeln f\u00fcr Messe, Event, Garten, Glampling\",\"description\":\"Garten Kuppel | Transparente Kugel | Geo Dome  | Glamping Kuppel | Kuppeln | Dome\",\"publisher\":{\"@id\":\"https:\\\/\\\/germandomes.de\\\/en\\\/#organization\"},\"alternateName\":\"GermanDomes\",\"potentialAction\":[{\"@type\":\"SearchAction\",\"target\":{\"@type\":\"EntryPoint\",\"urlTemplate\":\"https:\\\/\\\/germandomes.de\\\/en\\\/?s={search_term_string}\"},\"query-input\":{\"@type\":\"PropertyValueSpecification\",\"valueRequired\":true,\"valueName\":\"search_term_string\"}}],\"inLanguage\":\"en-US\"},{\"@type\":\"Organization\",\"@id\":\"https:\\\/\\\/germandomes.de\\\/en\\\/#organization\",\"name\":\"GermanDomes: Transparente Garten Kuppeln f\u00fcr Messe, Event, Garten, Glampling\",\"url\":\"https:\\\/\\\/germandomes.de\\\/en\\\/\",\"logo\":{\"@type\":\"ImageObject\",\"inLanguage\":\"en-US\",\"@id\":\"https:\\\/\\\/germandomes.de\\\/en\\\/#\\\/schema\\\/logo\\\/image\\\/\",\"url\":\"https:\\\/\\\/germandomes.de\\\/wp-content\\\/uploads\\\/2023\\\/04\\\/GED_Logo_500.png\",\"contentUrl\":\"https:\\\/\\\/germandomes.de\\\/wp-content\\\/uploads\\\/2023\\\/04\\\/GED_Logo_500.png\",\"width\":500,\"height\":252,\"caption\":\"GermanDomes: Transparente Garten Kuppeln f\u00fcr Messe, Event, Garten, Glampling\"},\"image\":{\"@id\":\"https:\\\/\\\/germandomes.de\\\/en\\\/#\\\/schema\\\/logo\\\/image\\\/\"},\"sameAs\":[\"https:\\\/\\\/www.instagram.com\\\/germandomes\\\/\",\"https:\\\/\\\/de.pinterest.com\\\/germandomes\\\/\",\"https:\\\/\\\/www.linkedin.com\\\/company\\\/german-domes-gmbh\"]}]}<\/script>\n<!-- \/ Yoast SEO plugin. -->","yoast_head_json":{"title":"GermanDomes | Geod\u00e4tische Kuppeln f\u00fcr Messe, Event und Garten","description":"GermanDomes | Geod\u00e4tische Kuppeln f\u00fcr Messe, Event und Garten - modern, zeitlos und innovativ - be outside inside","robots":{"index":"index","follow":"follow","max-snippet":"max-snippet:-1","max-image-preview":"max-image-preview:large","max-video-preview":"max-video-preview:-1"},"canonical":"https:\/\/germandomes.de\/en\/imprint\/","og_locale":"en_US","og_type":"article","og_title":"GermanDomes | Geod\u00e4tische Kuppeln f\u00fcr Messe, Event und Garten","og_description":"GermanDomes | Geod\u00e4tische Kuppeln f\u00fcr Messe, Event und Garten - modern, zeitlos und innovativ - be outside inside","og_url":"https:\/\/germandomes.de\/en\/imprint\/","og_site_name":"GermanDomes Shop","article_modified_time":"2023-03-29T14:12:40+00:00","twitter_card":"summary_large_image","twitter_misc":{"Est. reading time":"3 minutes"},"schema":{"@context":"https:\/\/schema.org","@graph":[{"@type":"WebPage","@id":"https:\/\/germandomes.de\/en\/imprint\/","url":"https:\/\/germandomes.de\/en\/imprint\/","name":"GermanDomes | Geod\u00e4tische Kuppeln f\u00fcr Messe, Event und Garten","isPartOf":{"@id":"https:\/\/germandomes.de\/en\/#website"},"datePublished":"2022-12-05T15:03:56+00:00","dateModified":"2023-03-29T14:12:40+00:00","description":"GermanDomes | Geod\u00e4tische Kuppeln f\u00fcr Messe, Event und Garten - modern, zeitlos und innovativ - be outside inside","breadcrumb":{"@id":"https:\/\/germandomes.de\/en\/imprint\/#breadcrumb"},"inLanguage":"en-US","potentialAction":[{"@type":"ReadAction","target":["https:\/\/germandomes.de\/en\/imprint\/"]}]},{"@type":"BreadcrumbList","@id":"https:\/\/germandomes.de\/en\/imprint\/#breadcrumb","itemListElement":[{"@type":"ListItem","position":1,"name":"Startseite","item":"https:\/\/germandomes.de\/en\/home\/"},{"@type":"ListItem","position":2,"name":"Imprint"}]},{"@type":"WebSite","@id":"https:\/\/germandomes.de\/en\/#website","url":"https:\/\/germandomes.de\/en\/","name":"GermanDomes: Transparente Garten Kuppeln f\u00fcr Messe, Event, Garten, Glampling","description":"Garten Kuppel | Transparente Kugel | Geo Dome  | Glamping Kuppel | Kuppeln | Dome","publisher":{"@id":"https:\/\/germandomes.de\/en\/#organization"},"alternateName":"GermanDomes","potentialAction":[{"@type":"SearchAction","target":{"@type":"EntryPoint","urlTemplate":"https:\/\/germandomes.de\/en\/?s={search_term_string}"},"query-input":{"@type":"PropertyValueSpecification","valueRequired":true,"valueName":"search_term_string"}}],"inLanguage":"en-US"},{"@type":"Organization","@id":"https:\/\/germandomes.de\/en\/#organization","name":"GermanDomes: Transparente Garten Kuppeln f\u00fcr Messe, Event, Garten, Glampling","url":"https:\/\/germandomes.de\/en\/","logo":{"@type":"ImageObject","inLanguage":"en-US","@id":"https:\/\/germandomes.de\/en\/#\/schema\/logo\/image\/","url":"https:\/\/germandomes.de\/wp-content\/uploads\/2023\/04\/GED_Logo_500.png","contentUrl":"https:\/\/germandomes.de\/wp-content\/uploads\/2023\/04\/GED_Logo_500.png","width":500,"height":252,"caption":"GermanDomes: Transparente Garten Kuppeln f\u00fcr Messe, Event, Garten, Glampling"},"image":{"@id":"https:\/\/germandomes.de\/en\/#\/schema\/logo\/image\/"},"sameAs":["https:\/\/www.instagram.com\/germandomes\/","https:\/\/de.pinterest.com\/germandomes\/","https:\/\/www.linkedin.com\/company\/german-domes-gmbh"]}]}},"jetpack_sharing_enabled":true,"_links":{"self":[{"href":"https:\/\/germandomes.de\/en\/wp-json\/wp\/v2\/pages\/3378","targetHints":{"allow":["GET"]}}],"collection":[{"href":"https:\/\/germandomes.de\/en\/wp-json\/wp\/v2\/pages"}],"about":[{"href":"https:\/\/germandomes.de\/en\/wp-json\/wp\/v2\/types\/page"}],"author":[{"embeddable":true,"href":"https:\/\/germandomes.de\/en\/wp-json\/wp\/v2\/users\/3"}],"replies":[{"embeddable":true,"href":"https:\/\/germandomes.de\/en\/wp-json\/wp\/v2\/comments?post=3378"}],"version-history":[{"count":9,"href":"https:\/\/germandomes.de\/en\/wp-json\/wp\/v2\/pages\/3378\/revisions"}],"predecessor-version":[{"id":4809,"href":"https:\/\/germandomes.de\/en\/wp-json\/wp\/v2\/pages\/3378\/revisions\/4809"}],"wp:attachment":[{"href":"https:\/\/germandomes.de\/en\/wp-json\/wp\/v2\/media?parent=3378"}],"curies":[{"name":"wp","href":"https:\/\/api.w.org\/{rel}","templated":true}]}}