{"id":3409,"date":"2022-10-28T10:09:39","date_gmt":"2022-10-28T08:09:39","guid":{"rendered":"https:\/\/germandomes.de\/assembly-service\/"},"modified":"2023-05-24T14:03:49","modified_gmt":"2023-05-24T12:03:49","slug":"assembly-service","status":"publish","type":"page","link":"https:\/\/germandomes.de\/en\/delivery\/assembly-service\/","title":{"rendered":"Assembly service"},"content":{"rendered":"<div   class='avia-fullscreen-slider main_color   avia-builder-el-0  el_before_av_section  avia-builder-el-first  container_wrap fullsize'  ><div  class='avia-slideshow av-li1npp27-4870c77734972349040d6f741a62e5a4 avia-slideshow-extra_large av_fullscreen avia-slide-slider av-slideshow-ui av-control-default av-slideshow-manual av-loop-once av-loop-manual-endless av-default-height-applied   avia-slideshow-1' data-slideshow-options=\"{&quot;animation&quot;:&quot;slide&quot;,&quot;autoplay&quot;:false,&quot;loop_autoplay&quot;:&quot;once&quot;,&quot;interval&quot;:5,&quot;loop_manual&quot;:&quot;manual-endless&quot;,&quot;autoplay_stopper&quot;:false,&quot;noNavigation&quot;:false,&quot;bg_slider&quot;:true,&quot;keep_padding&quot;:false,&quot;hoverpause&quot;:false,&quot;show_slide_delay&quot;:0,&quot;slide_height&quot;:&quot;100&quot;,&quot;image_attachment&quot;:&quot;&quot;}\"  itemprop=\"image\" itemscope=\"itemscope\" itemtype=\"https:\/\/schema.org\/ImageObject\" ><ul class='avia-slideshow-inner ' style='padding-bottom: 45.466666666667%;'><li style='background-position:center center;' data-img-url='https:\/\/germandomes.de\/wp-content\/uploads\/2022\/11\/GD_Montageservice-1_220604-1500x682.jpg' class='avia-slideshow-slide av-li1npp27-4870c77734972349040d6f741a62e5a4__0  av-single-slide slide-1 slide-odd'><div data-rel='slideshow-1' class='avia-slide-wrap '   ><\/div><\/li><\/ul><\/div><\/div>\n<div id='av_section_1'  class='avia-section av-yql1o-1fdfef42483c46e2920dde82a26bc50a main_color avia-section-default avia-no-border-styling  avia-builder-el-1  el_after_av_fullscreen  avia-builder-el-last  avia-bg-style-scroll container_wrap fullsize'  ><div class='container av-section-cont-open' ><div class='template-page content  av-content-full alpha units'><div class='post-entry post-entry-type-page post-entry-3409'><div class='entry-content-wrapper clearfix'>\n<div class='flex_column av-qosy4-71d608abbc29eeb766972e0bd4c02a97 av_one_full  avia-builder-el-2  el_before_av_two_fifth  avia-builder-el-first  first flex_column_div '     ><p>\n<style type=\"text\/css\" data-created_by=\"avia_inline_auto\" id=\"style-css-av-la0tkqto-572429f2b191aadb3243e36335c96eca\">\n#top .av-special-heading.av-la0tkqto-572429f2b191aadb3243e36335c96eca{\npadding-bottom:10px;\n}\nbody .av-special-heading.av-la0tkqto-572429f2b191aadb3243e36335c96eca .av-special-heading-tag .heading-char{\nfont-size:25px;\n}\n.av-special-heading.av-la0tkqto-572429f2b191aadb3243e36335c96eca .av-subheading{\nfont-size:15px;\n}\n\n@media only screen and (min-width: 480px) and (max-width: 767px){ \n#top #wrap_all .av-special-heading.av-la0tkqto-572429f2b191aadb3243e36335c96eca .av-special-heading-tag{\nfont-size:40px;\n}\n}\n<\/style>\n<div  class='av-special-heading av-la0tkqto-572429f2b191aadb3243e36335c96eca av-special-heading-h2 blockquote modern-quote  avia-builder-el-3  el_before_av_hr  avia-builder-el-first '><h2 class='av-special-heading-tag'  itemprop=\"headline\"  > Our assembly service<\/h2><div class=\"special-heading-border\"><div class=\"special-heading-inner-border\"><\/div><\/div><\/div><br \/>\n\n<style type=\"text\/css\" data-created_by=\"avia_inline_auto\" id=\"style-css-av-n5hm4-e1566d787bf20dd169d530b0052171f3\">\n#top .hr.av-n5hm4-e1566d787bf20dd169d530b0052171f3{\nmargin-top:0px;\nmargin-bottom:0px;\n}\n.hr.av-n5hm4-e1566d787bf20dd169d530b0052171f3 .hr-inner{\nwidth:100%;\nborder-color:#3d4a4d;\n}\n<\/style>\n<div  class='hr av-n5hm4-e1566d787bf20dd169d530b0052171f3 hr-custom  avia-builder-el-4  el_after_av_heading  avia-builder-el-last  hr-left hr-icon-no'><span class='hr-inner inner-border-av-border-thin'><span class=\"hr-inner-style\"><\/span><\/span><\/div><\/p><\/div><div class='flex_column_table av-dw2j0-ce4d5d6cf6c7f38ea98771a1e7aacdef sc-av_two_fifth av-equal-height-column-flextable'><div class='flex_column av-dw2j0-ce4d5d6cf6c7f38ea98771a1e7aacdef av_two_fifth  avia-builder-el-5  el_after_av_one_full  el_before_av_three_fifth  first flex_column_table_cell av-equal-height-column av-align-top column-top-margin'     ><style type=\"text\/css\" data-created_by=\"avia_inline_auto\" id=\"style-css-av-la0tm816-3e3f3873c78853b11a550cca052c70c2\">\n.avia-video.av-la0tm816-3e3f3873c78853b11a550cca052c70c2{\nbackground-image:url(https:\/\/germandomes.de\/wp-content\/uploads\/2022\/11\/vorschaubild_youtube.jpg);\n}\n<\/style>\n<div  class='avia-video av-la0tm816-3e3f3873c78853b11a550cca052c70c2 avia-video-16-9 av-preview-image avia-video-load-always av-lazyload-immediate av-lazyload-video-embed'  itemprop=\"video\" itemtype=\"https:\/\/schema.org\/VideoObject\"  data-original_url='https:\/\/www.youtube.com\/watch?v=BRS6nnSRoP4'><script type='text\/html' class='av-video-tmpl'><div class='avia-iframe-wrap'><iframe title=\"GermanDomes - Assembly GEO5\" width=\"1500\" height=\"844\" src=\"https:\/\/www.youtube.com\/embed\/BRS6nnSRoP4?feature=oembed&autoplay=0&loop=0&controls=1&mute=0\" frameborder=\"0\" allow=\"accelerometer; autoplay; clipboard-write; encrypted-media; gyroscope; picture-in-picture; web-share\" allowfullscreen><\/iframe><\/div><\/script><div class='av-click-to-play-overlay'><div class=\"avia_playpause_icon\"><\/div><\/div><\/div><\/div><div class='av-flex-placeholder'><\/div><div class='flex_column av-bn46c-204986d34d44c20dd4064bdcd2a057c3 av_three_fifth  avia-builder-el-7  el_after_av_two_fifth  avia-builder-el-last  flex_column_table_cell av-equal-height-column av-align-top column-top-margin'     ><section  class='av_textblock_section av-la0tlu6w-971057a7ff5290a015993217d17ea29e'  itemscope=\"itemscope\" itemtype=\"https:\/\/schema.org\/CreativeWork\" ><div class='avia_textblock'  itemprop=\"text\" ><p>Do you have any questions about the structure or the individual components? Or would you like to make an appointment to set up or dismantle your dome?<br \/>\nOur installation service is available Monday to Thursday from 9:00 to 16:00 with advice and assistance.<br \/>\nGet comprehensive advice from our specialist staff by telephone or in our showroom in Rehna.<\/p>\n<\/div><\/section><\/div><\/div><!--close column table wrapper. Autoclose: 1 -->\n\n","protected":false},"excerpt":{"rendered":"","protected":false},"author":3,"featured_media":0,"parent":3391,"menu_order":1,"comment_status":"closed","ping_status":"closed","template":"","meta":{"inline_featured_image":false,"footnotes":""},"class_list":["post-3409","page","type-page","status-publish","hentry"],"yoast_head":"<!-- This site is optimized with the Yoast SEO plugin v27.3 - https:\/\/yoast.com\/product\/yoast-seo-wordpress\/ -->\n<title>GermanDomes | Geod\u00e4tische Kuppeln f\u00fcr Messe, Event und Garten<\/title>\n<meta name=\"description\" content=\"GermanDomes | Geod\u00e4tische Kuppeln f\u00fcr Messe, Event und Garten - modern, zeitlos und innovativ - be outside inside\" \/>\n<meta name=\"robots\" content=\"index, follow, max-snippet:-1, max-image-preview:large, max-video-preview:-1\" \/>\n<link rel=\"canonical\" href=\"https:\/\/germandomes.de\/en\/delivery\/assembly-service\/\" \/>\n<meta property=\"og:locale\" content=\"en_US\" \/>\n<meta property=\"og:type\" content=\"article\" \/>\n<meta property=\"og:title\" content=\"GermanDomes | Geod\u00e4tische Kuppeln f\u00fcr Messe, Event und Garten\" \/>\n<meta property=\"og:description\" content=\"GermanDomes | Geod\u00e4tische Kuppeln f\u00fcr Messe, Event und Garten - modern, zeitlos und innovativ - be outside inside\" \/>\n<meta property=\"og:url\" content=\"https:\/\/germandomes.de\/en\/delivery\/assembly-service\/\" \/>\n<meta property=\"og:site_name\" content=\"GermanDomes Shop\" \/>\n<meta property=\"article:modified_time\" content=\"2023-05-24T12:03:49+00:00\" \/>\n<meta name=\"twitter:card\" content=\"summary_large_image\" \/>\n<meta name=\"twitter:label1\" content=\"Est. reading time\" \/>\n\t<meta name=\"twitter:data1\" content=\"10 minutes\" \/>\n<script type=\"application\/ld+json\" class=\"yoast-schema-graph\">{\"@context\":\"https:\\\/\\\/schema.org\",\"@graph\":[{\"@type\":\"WebPage\",\"@id\":\"https:\\\/\\\/germandomes.de\\\/en\\\/delivery\\\/assembly-service\\\/\",\"url\":\"https:\\\/\\\/germandomes.de\\\/en\\\/delivery\\\/assembly-service\\\/\",\"name\":\"GermanDomes | Geod\u00e4tische Kuppeln f\u00fcr Messe, Event und Garten\",\"isPartOf\":{\"@id\":\"https:\\\/\\\/germandomes.de\\\/en\\\/#website\"},\"datePublished\":\"2022-10-28T08:09:39+00:00\",\"dateModified\":\"2023-05-24T12:03:49+00:00\",\"description\":\"GermanDomes | Geod\u00e4tische Kuppeln f\u00fcr Messe, Event und Garten - modern, zeitlos und innovativ - be outside inside\",\"breadcrumb\":{\"@id\":\"https:\\\/\\\/germandomes.de\\\/en\\\/delivery\\\/assembly-service\\\/#breadcrumb\"},\"inLanguage\":\"en-US\",\"potentialAction\":[{\"@type\":\"ReadAction\",\"target\":[\"https:\\\/\\\/germandomes.de\\\/en\\\/delivery\\\/assembly-service\\\/\"]}]},{\"@type\":\"BreadcrumbList\",\"@id\":\"https:\\\/\\\/germandomes.de\\\/en\\\/delivery\\\/assembly-service\\\/#breadcrumb\",\"itemListElement\":[{\"@type\":\"ListItem\",\"position\":1,\"name\":\"Startseite\",\"item\":\"https:\\\/\\\/germandomes.de\\\/en\\\/home\\\/\"},{\"@type\":\"ListItem\",\"position\":2,\"name\":\"Delivery\",\"item\":\"https:\\\/\\\/gd2023-8ikdcwtjmh.live-website.com\\\/en\\\/delivery\\\/\"},{\"@type\":\"ListItem\",\"position\":3,\"name\":\"Assembly service\"}]},{\"@type\":\"WebSite\",\"@id\":\"https:\\\/\\\/germandomes.de\\\/en\\\/#website\",\"url\":\"https:\\\/\\\/germandomes.de\\\/en\\\/\",\"name\":\"GermanDomes: Transparente Garten Kuppeln f\u00fcr Messe, Event, Garten, Glampling\",\"description\":\"Garten Kuppel | Transparente Kugel | Geo Dome  | Glamping Kuppel | Kuppeln | Dome\",\"publisher\":{\"@id\":\"https:\\\/\\\/germandomes.de\\\/en\\\/#organization\"},\"alternateName\":\"GermanDomes\",\"potentialAction\":[{\"@type\":\"SearchAction\",\"target\":{\"@type\":\"EntryPoint\",\"urlTemplate\":\"https:\\\/\\\/germandomes.de\\\/en\\\/?s={search_term_string}\"},\"query-input\":{\"@type\":\"PropertyValueSpecification\",\"valueRequired\":true,\"valueName\":\"search_term_string\"}}],\"inLanguage\":\"en-US\"},{\"@type\":\"Organization\",\"@id\":\"https:\\\/\\\/germandomes.de\\\/en\\\/#organization\",\"name\":\"GermanDomes: Transparente Garten Kuppeln f\u00fcr Messe, Event, Garten, Glampling\",\"url\":\"https:\\\/\\\/germandomes.de\\\/en\\\/\",\"logo\":{\"@type\":\"ImageObject\",\"inLanguage\":\"en-US\",\"@id\":\"https:\\\/\\\/germandomes.de\\\/en\\\/#\\\/schema\\\/logo\\\/image\\\/\",\"url\":\"https:\\\/\\\/germandomes.de\\\/wp-content\\\/uploads\\\/2023\\\/04\\\/GED_Logo_500.png\",\"contentUrl\":\"https:\\\/\\\/germandomes.de\\\/wp-content\\\/uploads\\\/2023\\\/04\\\/GED_Logo_500.png\",\"width\":500,\"height\":252,\"caption\":\"GermanDomes: Transparente Garten Kuppeln f\u00fcr Messe, Event, Garten, Glampling\"},\"image\":{\"@id\":\"https:\\\/\\\/germandomes.de\\\/en\\\/#\\\/schema\\\/logo\\\/image\\\/\"},\"sameAs\":[\"https:\\\/\\\/www.instagram.com\\\/germandomes\\\/\",\"https:\\\/\\\/de.pinterest.com\\\/germandomes\\\/\",\"https:\\\/\\\/www.linkedin.com\\\/company\\\/german-domes-gmbh\"]}]}<\/script>\n<!-- \/ Yoast SEO plugin. -->","yoast_head_json":{"title":"GermanDomes | Geod\u00e4tische Kuppeln f\u00fcr Messe, Event und Garten","description":"GermanDomes | Geod\u00e4tische Kuppeln f\u00fcr Messe, Event und Garten - modern, zeitlos und innovativ - be outside inside","robots":{"index":"index","follow":"follow","max-snippet":"max-snippet:-1","max-image-preview":"max-image-preview:large","max-video-preview":"max-video-preview:-1"},"canonical":"https:\/\/germandomes.de\/en\/delivery\/assembly-service\/","og_locale":"en_US","og_type":"article","og_title":"GermanDomes | Geod\u00e4tische Kuppeln f\u00fcr Messe, Event und Garten","og_description":"GermanDomes | Geod\u00e4tische Kuppeln f\u00fcr Messe, Event und Garten - modern, zeitlos und innovativ - be outside inside","og_url":"https:\/\/germandomes.de\/en\/delivery\/assembly-service\/","og_site_name":"GermanDomes Shop","article_modified_time":"2023-05-24T12:03:49+00:00","twitter_card":"summary_large_image","twitter_misc":{"Est. reading time":"10 minutes"},"schema":{"@context":"https:\/\/schema.org","@graph":[{"@type":"WebPage","@id":"https:\/\/germandomes.de\/en\/delivery\/assembly-service\/","url":"https:\/\/germandomes.de\/en\/delivery\/assembly-service\/","name":"GermanDomes | Geod\u00e4tische Kuppeln f\u00fcr Messe, Event und Garten","isPartOf":{"@id":"https:\/\/germandomes.de\/en\/#website"},"datePublished":"2022-10-28T08:09:39+00:00","dateModified":"2023-05-24T12:03:49+00:00","description":"GermanDomes | Geod\u00e4tische Kuppeln f\u00fcr Messe, Event und Garten - modern, zeitlos und innovativ - be outside inside","breadcrumb":{"@id":"https:\/\/germandomes.de\/en\/delivery\/assembly-service\/#breadcrumb"},"inLanguage":"en-US","potentialAction":[{"@type":"ReadAction","target":["https:\/\/germandomes.de\/en\/delivery\/assembly-service\/"]}]},{"@type":"BreadcrumbList","@id":"https:\/\/germandomes.de\/en\/delivery\/assembly-service\/#breadcrumb","itemListElement":[{"@type":"ListItem","position":1,"name":"Startseite","item":"https:\/\/germandomes.de\/en\/home\/"},{"@type":"ListItem","position":2,"name":"Delivery","item":"https:\/\/gd2023-8ikdcwtjmh.live-website.com\/en\/delivery\/"},{"@type":"ListItem","position":3,"name":"Assembly service"}]},{"@type":"WebSite","@id":"https:\/\/germandomes.de\/en\/#website","url":"https:\/\/germandomes.de\/en\/","name":"GermanDomes: Transparente Garten Kuppeln f\u00fcr Messe, Event, Garten, Glampling","description":"Garten Kuppel | Transparente Kugel | Geo Dome  | Glamping Kuppel | Kuppeln | Dome","publisher":{"@id":"https:\/\/germandomes.de\/en\/#organization"},"alternateName":"GermanDomes","potentialAction":[{"@type":"SearchAction","target":{"@type":"EntryPoint","urlTemplate":"https:\/\/germandomes.de\/en\/?s={search_term_string}"},"query-input":{"@type":"PropertyValueSpecification","valueRequired":true,"valueName":"search_term_string"}}],"inLanguage":"en-US"},{"@type":"Organization","@id":"https:\/\/germandomes.de\/en\/#organization","name":"GermanDomes: Transparente Garten Kuppeln f\u00fcr Messe, Event, Garten, Glampling","url":"https:\/\/germandomes.de\/en\/","logo":{"@type":"ImageObject","inLanguage":"en-US","@id":"https:\/\/germandomes.de\/en\/#\/schema\/logo\/image\/","url":"https:\/\/germandomes.de\/wp-content\/uploads\/2023\/04\/GED_Logo_500.png","contentUrl":"https:\/\/germandomes.de\/wp-content\/uploads\/2023\/04\/GED_Logo_500.png","width":500,"height":252,"caption":"GermanDomes: Transparente Garten Kuppeln f\u00fcr Messe, Event, Garten, Glampling"},"image":{"@id":"https:\/\/germandomes.de\/en\/#\/schema\/logo\/image\/"},"sameAs":["https:\/\/www.instagram.com\/germandomes\/","https:\/\/de.pinterest.com\/germandomes\/","https:\/\/www.linkedin.com\/company\/german-domes-gmbh"]}]}},"jetpack_sharing_enabled":true,"_links":{"self":[{"href":"https:\/\/germandomes.de\/en\/wp-json\/wp\/v2\/pages\/3409","targetHints":{"allow":["GET"]}}],"collection":[{"href":"https:\/\/germandomes.de\/en\/wp-json\/wp\/v2\/pages"}],"about":[{"href":"https:\/\/germandomes.de\/en\/wp-json\/wp\/v2\/types\/page"}],"author":[{"embeddable":true,"href":"https:\/\/germandomes.de\/en\/wp-json\/wp\/v2\/users\/3"}],"replies":[{"embeddable":true,"href":"https:\/\/germandomes.de\/en\/wp-json\/wp\/v2\/comments?post=3409"}],"version-history":[{"count":8,"href":"https:\/\/germandomes.de\/en\/wp-json\/wp\/v2\/pages\/3409\/revisions"}],"predecessor-version":[{"id":6290,"href":"https:\/\/germandomes.de\/en\/wp-json\/wp\/v2\/pages\/3409\/revisions\/6290"}],"up":[{"embeddable":true,"href":"https:\/\/germandomes.de\/en\/wp-json\/wp\/v2\/pages\/3391"}],"wp:attachment":[{"href":"https:\/\/germandomes.de\/en\/wp-json\/wp\/v2\/media?parent=3409"}],"curies":[{"name":"wp","href":"https:\/\/api.w.org\/{rel}","templated":true}]}}