{"id":3417,"date":"2022-11-08T12:07:22","date_gmt":"2022-11-08T11:07:22","guid":{"rendered":"https:\/\/germandomes.de\/cleaning-and-care\/"},"modified":"2023-03-29T16:07:46","modified_gmt":"2023-03-29T14:07:46","slug":"cleaning-and-care","status":"publish","type":"page","link":"https:\/\/germandomes.de\/en\/cleaning-and-care\/","title":{"rendered":"Cleaning and care"},"content":{"rendered":"\n<style type=\"text\/css\" data-created_by=\"avia_inline_auto\" id=\"style-css-av-la83yc75-a547eb8162ca8b5a4bf774fde3a4362f\">\n.avia-section.av-la83yc75-a547eb8162ca8b5a4bf774fde3a4362f{\nmargin-top:0px;\nmargin-bottom:70px;\n}\n<\/style>\n<div id='av_section_1'  class='avia-section av-la83yc75-a547eb8162ca8b5a4bf774fde3a4362f main_color avia-section-default avia-no-border-styling  avia-builder-el-0  avia-builder-el-no-sibling  avia-bg-style-scroll av-minimum-height av-minimum-height-100  container_wrap fullsize'   data-av_minimum_height_pc='100'><div class='container av-section-cont-open' ><main  role=\"main\" itemprop=\"mainContentOfPage\"  class='template-page content  av-content-full alpha units'><div class='post-entry post-entry-type-page post-entry-3417'><div class='entry-content-wrapper clearfix'>\n\n<style type=\"text\/css\" data-created_by=\"avia_inline_auto\" id=\"style-css-av-la83xele-cfcf816492c76781fac2af31b5374d7b\">\n#top .av-special-heading.av-la83xele-cfcf816492c76781fac2af31b5374d7b{\npadding-bottom:10px;\n}\nbody .av-special-heading.av-la83xele-cfcf816492c76781fac2af31b5374d7b .av-special-heading-tag .heading-char{\nfont-size:25px;\n}\n.av-special-heading.av-la83xele-cfcf816492c76781fac2af31b5374d7b .av-subheading{\nfont-size:15px;\n}\n\n@media only screen and (min-width: 480px) and (max-width: 767px){ \n#top #wrap_all .av-special-heading.av-la83xele-cfcf816492c76781fac2af31b5374d7b .av-special-heading-tag{\nfont-size:40px;\n}\n}\n<\/style>\n<div  class='av-special-heading av-la83xele-cfcf816492c76781fac2af31b5374d7b av-special-heading-h2 blockquote modern-quote  avia-builder-el-1  el_before_av_hr  avia-builder-el-first '><h2 class='av-special-heading-tag'  itemprop=\"headline\"  > Cleaning and care<\/h2><div class=\"special-heading-border\"><div class=\"special-heading-inner-border\"><\/div><\/div><\/div>\n\n<style type=\"text\/css\" data-created_by=\"avia_inline_auto\" id=\"style-css-av-bwdvb-8b4dcbeebfa86ac1ddcfde6982b55d12\">\n#top .hr.av-bwdvb-8b4dcbeebfa86ac1ddcfde6982b55d12{\nmargin-top:0px;\nmargin-bottom:30px;\n}\n.hr.av-bwdvb-8b4dcbeebfa86ac1ddcfde6982b55d12 .hr-inner{\nwidth:100%;\nborder-color:#3d4a4d;\n}\n<\/style>\n<div  class='hr av-bwdvb-8b4dcbeebfa86ac1ddcfde6982b55d12 hr-custom  avia-builder-el-2  el_after_av_heading  el_before_av_textblock  hr-left hr-icon-no'><span class='hr-inner inner-border-av-border-thin'><span class=\"hr-inner-style\"><\/span><\/span><\/div>\n<section  class='av_textblock_section av-la83y6bx-2a0a7d02a7acf66fc207967d2d481b54'  itemscope=\"itemscope\" itemtype=\"https:\/\/schema.org\/CreativeWork\" ><div class='avia_textblock'  itemprop=\"text\" ><p>The Makrolon\u00aeUV surfaces of the GermanDomes models are non-porous, smooth and easy to clean. The smooth, spherical surface means that snow, dirt and other impurities have little chance of settling. Animals, especially birds, avoid the smooth, sloping surfaces of the spherical domes. Even for stubborn dirt, rain as a natural cleaning agent or water from a garden hose are usually sufficient. To maintain the brilliance of the material, we recommend liquid, non-scratching polycarbonate care products in combination with soft cotton cloths. If one of the coupling segments is damaged, the affected segment can be dismantled easily, reordered with the engraved number and the replacement reinserted.    <\/p>\n<p><strong>Polishing Makrolon UV\u00ae<\/strong><br \/>\nReinigen Sie die Oberfl\u00e4che gr\u00fcndlich mit einem weichen, feuchten Wolltuch. F\u00fcr leicht tr\u00fcbe Fl\u00e4chen oder kleinere Kratzer empfehlen wir die Polierpflege von Hand. Verwenden Sie ein sauberes, trockenes Baumwolltuch. Tragen Sie eine kleine Menge Poliermittel auf. Verteilen Sie das Poliermittel auf der zu bearbeitenden Fl\u00e4che und beginnen Sie mit kreisf\u00f6rmigen Bewegungen in einem Radius von ca. 10 Zentimetern um die Kratzer herum. Erh\u00f6hen Sie den Druck stetig und beurteilen Sie fortw\u00e4hrend das Resultat. Wenn Sie den Kratzer entfernt haben, polieren Sie die Oberfl\u00e4che mit einem Mikrofasertuch nach. Tiefere Kratzer m\u00fcssen vorbehandelt werden; daf\u00fcr ben\u00f6tigen Sie normales Schleifpapier oder Schleifwolle.<br \/>\n Polishing Makrolon UV\u00ae Clean the surface thoroughly with a soft, damp wool cloth. For slightly cloudy surfaces or minor scratches, we recommend polishing by hand. Use a clean, dry cotton cloth. Apply a small amount of polish. Spread the polish over the surface you are working on and start with circular movements in a radius of about 10 centimetres around the scratches. Increase the pressure steadily and assess the result continuously. When you have removed the scratch, polish the surface with a microfibre cloth. Deeper scratches must be pre-treated; for this you need normal sandpaper or steel wool. Start the polishing process with 200 grit sandpaper, then continue with 400 and 800 grit. Only sand lightly and do not apply too much pressure. As a final processing step, use waterproof sandpaper with grit 2000 or 2500, after which you can start machine polishing. If you have to remove deep scratches, we recommend polishing the surface over a large area. This is easiest to do with a polishing machine or a drill with polishing attachment. Work at low speeds at first, do not apply too much pressure and use soft (wool) discs. Once the entire surface has been polished, repeat the process this time at medium speed and minimum pressure.<\/p>\n<\/div><\/section>\n\n","protected":false},"excerpt":{"rendered":"","protected":false},"author":3,"featured_media":0,"parent":0,"menu_order":0,"comment_status":"closed","ping_status":"closed","template":"","meta":{"inline_featured_image":false,"footnotes":""},"class_list":["post-3417","page","type-page","status-publish","hentry"],"yoast_head":"<!-- This site is optimized with the Yoast SEO plugin v27.4 - https:\/\/yoast.com\/product\/yoast-seo-wordpress\/ -->\n<title>Cleaning &amp; Care | Geodesic Dome | GermanDomes<\/title>\n<meta name=\"description\" content=\"Cleaning and care - the Makrolon\u00aeUV surfaces of GermanDomes domes are non-porous, smooth and easy to clean. Due to the smooth, spherical surface, snow, dirt and other impurities have little chance to deposit\" \/>\n<meta name=\"robots\" content=\"index, follow, max-snippet:-1, max-image-preview:large, max-video-preview:-1\" \/>\n<link rel=\"canonical\" href=\"https:\/\/germandomes.de\/en\/cleaning-and-care\/\" \/>\n<meta property=\"og:locale\" content=\"en_US\" \/>\n<meta property=\"og:type\" content=\"article\" \/>\n<meta property=\"og:title\" content=\"Cleaning &amp; Care | Geodesic Dome | GermanDomes\" \/>\n<meta property=\"og:description\" content=\"Cleaning and care - the Makrolon\u00aeUV surfaces of GermanDomes domes are non-porous, smooth and easy to clean. Due to the smooth, spherical surface, snow, dirt and other impurities have little chance to deposit\" \/>\n<meta property=\"og:url\" content=\"https:\/\/germandomes.de\/en\/cleaning-and-care\/\" \/>\n<meta property=\"og:site_name\" content=\"GermanDomes Shop\" \/>\n<meta property=\"article:modified_time\" content=\"2023-03-29T14:07:46+00:00\" \/>\n<meta name=\"twitter:card\" content=\"summary_large_image\" \/>\n<meta name=\"twitter:label1\" content=\"Est. reading time\" \/>\n\t<meta name=\"twitter:data1\" content=\"5 minutes\" \/>\n<script type=\"application\/ld+json\" class=\"yoast-schema-graph\">{\"@context\":\"https:\\\/\\\/schema.org\",\"@graph\":[{\"@type\":\"WebPage\",\"@id\":\"https:\\\/\\\/germandomes.de\\\/en\\\/cleaning-and-care\\\/\",\"url\":\"https:\\\/\\\/germandomes.de\\\/en\\\/cleaning-and-care\\\/\",\"name\":\"Cleaning & Care | Geodesic Dome | GermanDomes\",\"isPartOf\":{\"@id\":\"https:\\\/\\\/germandomes.de\\\/en\\\/#website\"},\"datePublished\":\"2022-11-08T11:07:22+00:00\",\"dateModified\":\"2023-03-29T14:07:46+00:00\",\"description\":\"Cleaning and care - the Makrolon\u00aeUV surfaces of GermanDomes domes are non-porous, smooth and easy to clean. Due to the smooth, spherical surface, snow, dirt and other impurities have little chance to deposit\",\"breadcrumb\":{\"@id\":\"https:\\\/\\\/germandomes.de\\\/en\\\/cleaning-and-care\\\/#breadcrumb\"},\"inLanguage\":\"en-US\",\"potentialAction\":[{\"@type\":\"ReadAction\",\"target\":[\"https:\\\/\\\/germandomes.de\\\/en\\\/cleaning-and-care\\\/\"]}]},{\"@type\":\"BreadcrumbList\",\"@id\":\"https:\\\/\\\/germandomes.de\\\/en\\\/cleaning-and-care\\\/#breadcrumb\",\"itemListElement\":[{\"@type\":\"ListItem\",\"position\":1,\"name\":\"Startseite\",\"item\":\"https:\\\/\\\/germandomes.de\\\/en\\\/home\\\/\"},{\"@type\":\"ListItem\",\"position\":2,\"name\":\"Cleaning and care\"}]},{\"@type\":\"WebSite\",\"@id\":\"https:\\\/\\\/germandomes.de\\\/en\\\/#website\",\"url\":\"https:\\\/\\\/germandomes.de\\\/en\\\/\",\"name\":\"GermanDomes: Transparente Garten Kuppeln f\u00fcr Messe, Event, Garten, Glampling\",\"description\":\"Garten Kuppel | Transparente Kugel | Geo Dome  | Glamping Kuppel | Kuppeln | Dome\",\"publisher\":{\"@id\":\"https:\\\/\\\/germandomes.de\\\/en\\\/#organization\"},\"alternateName\":\"GermanDomes\",\"potentialAction\":[{\"@type\":\"SearchAction\",\"target\":{\"@type\":\"EntryPoint\",\"urlTemplate\":\"https:\\\/\\\/germandomes.de\\\/en\\\/?s={search_term_string}\"},\"query-input\":{\"@type\":\"PropertyValueSpecification\",\"valueRequired\":true,\"valueName\":\"search_term_string\"}}],\"inLanguage\":\"en-US\"},{\"@type\":\"Organization\",\"@id\":\"https:\\\/\\\/germandomes.de\\\/en\\\/#organization\",\"name\":\"GermanDomes: Transparente Garten Kuppeln f\u00fcr Messe, Event, Garten, Glampling\",\"url\":\"https:\\\/\\\/germandomes.de\\\/en\\\/\",\"logo\":{\"@type\":\"ImageObject\",\"inLanguage\":\"en-US\",\"@id\":\"https:\\\/\\\/germandomes.de\\\/en\\\/#\\\/schema\\\/logo\\\/image\\\/\",\"url\":\"https:\\\/\\\/germandomes.de\\\/wp-content\\\/uploads\\\/2023\\\/04\\\/GED_Logo_500.png\",\"contentUrl\":\"https:\\\/\\\/germandomes.de\\\/wp-content\\\/uploads\\\/2023\\\/04\\\/GED_Logo_500.png\",\"width\":500,\"height\":252,\"caption\":\"GermanDomes: Transparente Garten Kuppeln f\u00fcr Messe, Event, Garten, Glampling\"},\"image\":{\"@id\":\"https:\\\/\\\/germandomes.de\\\/en\\\/#\\\/schema\\\/logo\\\/image\\\/\"},\"sameAs\":[\"https:\\\/\\\/www.instagram.com\\\/germandomes\\\/\",\"https:\\\/\\\/de.pinterest.com\\\/germandomes\\\/\",\"https:\\\/\\\/www.linkedin.com\\\/company\\\/german-domes-gmbh\"]}]}<\/script>\n<!-- \/ Yoast SEO plugin. -->","yoast_head_json":{"title":"Cleaning & Care | Geodesic Dome | GermanDomes","description":"Cleaning and care - the Makrolon\u00aeUV surfaces of GermanDomes domes are non-porous, smooth and easy to clean. Due to the smooth, spherical surface, snow, dirt and other impurities have little chance to deposit","robots":{"index":"index","follow":"follow","max-snippet":"max-snippet:-1","max-image-preview":"max-image-preview:large","max-video-preview":"max-video-preview:-1"},"canonical":"https:\/\/germandomes.de\/en\/cleaning-and-care\/","og_locale":"en_US","og_type":"article","og_title":"Cleaning & Care | Geodesic Dome | GermanDomes","og_description":"Cleaning and care - the Makrolon\u00aeUV surfaces of GermanDomes domes are non-porous, smooth and easy to clean. Due to the smooth, spherical surface, snow, dirt and other impurities have little chance to deposit","og_url":"https:\/\/germandomes.de\/en\/cleaning-and-care\/","og_site_name":"GermanDomes Shop","article_modified_time":"2023-03-29T14:07:46+00:00","twitter_card":"summary_large_image","twitter_misc":{"Est. reading time":"5 minutes"},"schema":{"@context":"https:\/\/schema.org","@graph":[{"@type":"WebPage","@id":"https:\/\/germandomes.de\/en\/cleaning-and-care\/","url":"https:\/\/germandomes.de\/en\/cleaning-and-care\/","name":"Cleaning & Care | Geodesic Dome | GermanDomes","isPartOf":{"@id":"https:\/\/germandomes.de\/en\/#website"},"datePublished":"2022-11-08T11:07:22+00:00","dateModified":"2023-03-29T14:07:46+00:00","description":"Cleaning and care - the Makrolon\u00aeUV surfaces of GermanDomes domes are non-porous, smooth and easy to clean. Due to the smooth, spherical surface, snow, dirt and other impurities have little chance to deposit","breadcrumb":{"@id":"https:\/\/germandomes.de\/en\/cleaning-and-care\/#breadcrumb"},"inLanguage":"en-US","potentialAction":[{"@type":"ReadAction","target":["https:\/\/germandomes.de\/en\/cleaning-and-care\/"]}]},{"@type":"BreadcrumbList","@id":"https:\/\/germandomes.de\/en\/cleaning-and-care\/#breadcrumb","itemListElement":[{"@type":"ListItem","position":1,"name":"Startseite","item":"https:\/\/germandomes.de\/en\/home\/"},{"@type":"ListItem","position":2,"name":"Cleaning and care"}]},{"@type":"WebSite","@id":"https:\/\/germandomes.de\/en\/#website","url":"https:\/\/germandomes.de\/en\/","name":"GermanDomes: Transparente Garten Kuppeln f\u00fcr Messe, Event, Garten, Glampling","description":"Garten Kuppel | Transparente Kugel | Geo Dome  | Glamping Kuppel | Kuppeln | Dome","publisher":{"@id":"https:\/\/germandomes.de\/en\/#organization"},"alternateName":"GermanDomes","potentialAction":[{"@type":"SearchAction","target":{"@type":"EntryPoint","urlTemplate":"https:\/\/germandomes.de\/en\/?s={search_term_string}"},"query-input":{"@type":"PropertyValueSpecification","valueRequired":true,"valueName":"search_term_string"}}],"inLanguage":"en-US"},{"@type":"Organization","@id":"https:\/\/germandomes.de\/en\/#organization","name":"GermanDomes: Transparente Garten Kuppeln f\u00fcr Messe, Event, Garten, Glampling","url":"https:\/\/germandomes.de\/en\/","logo":{"@type":"ImageObject","inLanguage":"en-US","@id":"https:\/\/germandomes.de\/en\/#\/schema\/logo\/image\/","url":"https:\/\/germandomes.de\/wp-content\/uploads\/2023\/04\/GED_Logo_500.png","contentUrl":"https:\/\/germandomes.de\/wp-content\/uploads\/2023\/04\/GED_Logo_500.png","width":500,"height":252,"caption":"GermanDomes: Transparente Garten Kuppeln f\u00fcr Messe, Event, Garten, Glampling"},"image":{"@id":"https:\/\/germandomes.de\/en\/#\/schema\/logo\/image\/"},"sameAs":["https:\/\/www.instagram.com\/germandomes\/","https:\/\/de.pinterest.com\/germandomes\/","https:\/\/www.linkedin.com\/company\/german-domes-gmbh"]}]}},"jetpack_sharing_enabled":true,"_links":{"self":[{"href":"https:\/\/germandomes.de\/en\/wp-json\/wp\/v2\/pages\/3417","targetHints":{"allow":["GET"]}}],"collection":[{"href":"https:\/\/germandomes.de\/en\/wp-json\/wp\/v2\/pages"}],"about":[{"href":"https:\/\/germandomes.de\/en\/wp-json\/wp\/v2\/types\/page"}],"author":[{"embeddable":true,"href":"https:\/\/germandomes.de\/en\/wp-json\/wp\/v2\/users\/3"}],"replies":[{"embeddable":true,"href":"https:\/\/germandomes.de\/en\/wp-json\/wp\/v2\/comments?post=3417"}],"version-history":[{"count":9,"href":"https:\/\/germandomes.de\/en\/wp-json\/wp\/v2\/pages\/3417\/revisions"}],"predecessor-version":[{"id":4787,"href":"https:\/\/germandomes.de\/en\/wp-json\/wp\/v2\/pages\/3417\/revisions\/4787"}],"wp:attachment":[{"href":"https:\/\/germandomes.de\/en\/wp-json\/wp\/v2\/media?parent=3417"}],"curies":[{"name":"wp","href":"https:\/\/api.w.org\/{rel}","templated":true}]}}