{"id":7439,"date":"2025-11-10T12:21:08","date_gmt":"2025-11-10T11:21:08","guid":{"rendered":"https:\/\/germandomes.de\/cart\/"},"modified":"2025-11-28T12:29:28","modified_gmt":"2025-11-28T11:29:28","slug":"cart","status":"publish","type":"page","link":"https:\/\/germandomes.de\/en\/cart\/","title":{"rendered":"Cart"},"content":{"rendered":"\n<div data-block-name=\"woocommerce\/cart\" class=\"wp-block-woocommerce-cart alignwide is-loading\">\n<div data-block-name=\"woocommerce\/filled-cart-block\" class=\"wp-block-woocommerce-filled-cart-block\">\n<div data-block-name=\"woocommerce\/cart-items-block\" class=\"wp-block-woocommerce-cart-items-block\">\n<div data-block-name=\"woocommerce\/cart-line-items-block\" class=\"wp-block-woocommerce-cart-line-items-block\"><\/div>\n\n\n<\/div>\n\n\n\n\n<div data-block-name=\"woocommerce\/cart-totals-block\" class=\"wp-block-woocommerce-cart-totals-block\">\n<div data-block-name=\"woocommerce\/cart-order-summary-block\" class=\"wp-block-woocommerce-cart-order-summary-block\">\n<div data-block-name=\"woocommerce\/cart-order-summary-heading-block\" class=\"wp-block-woocommerce-cart-order-summary-heading-block\"><\/div><div data-block-name=\"woocommerce\/cart-order-summary-coupon-form-block\" class=\"wp-block-woocommerce-cart-order-summary-coupon-form-block\"><\/div><div data-block-name=\"woocommerce\/cart-order-summary-totals-block\" class=\"wp-block-woocommerce-cart-order-summary-totals-block\">\n<div data-block-name=\"woocommerce\/cart-order-summary-subtotal-block\" class=\"wp-block-woocommerce-cart-order-summary-subtotal-block\"><\/div>\n<div data-block-name=\"woocommerce\/cart-order-summary-discount-block\" class=\"wp-block-woocommerce-cart-order-summary-discount-block\"><\/div>\n<div data-block-name=\"woocommerce\/cart-order-summary-fee-block\" class=\"wp-block-woocommerce-cart-order-summary-fee-block\"><\/div>\n<div data-block-name=\"woocommerce\/cart-order-summary-shipping-block\" class=\"wp-block-woocommerce-cart-order-summary-shipping-block\"><\/div>\n<div data-block-name=\"woocommerce\/cart-order-summary-taxes-block\" class=\"wp-block-woocommerce-cart-order-summary-taxes-block\"><\/div><\/div>\n<\/div>\n\n\n\n<div data-block-name=\"woocommerce\/cart-express-payment-block\" class=\"wp-block-woocommerce-cart-express-payment-block\"><\/div>\n\n\n\n<div data-block-name=\"woocommerce\/proceed-to-checkout-block\" class=\"wp-block-woocommerce-proceed-to-checkout-block\"><\/div>\n\n\n\n<div data-block-name=\"woocommerce\/cart-accepted-payment-methods-block\" class=\"wp-block-woocommerce-cart-accepted-payment-methods-block\"><\/div>\n<\/div>\n<\/div>\n\n\n\n<div data-block-name=\"woocommerce\/empty-cart-block\" class=\"wp-block-woocommerce-empty-cart-block\">\n<h2 class=\"wp-block-heading has-text-align-center with-empty-cart-icon wc-block-cart__empty-cart__title\">Your cart is currently empty!<\/h2>\n\n\n\n<hr class=\"wp-block-separator has-alpha-channel-opacity is-style-dots\"\/>\n\n\n\n<h2 class=\"wp-block-heading has-text-align-center\">New in store<\/h2>\n\n\n<div data-block-name=\"woocommerce\/product-new\" data-columns=\"4\" data-rows=\"1\" class=\"wc-block-grid wp-block-product-new wp-block-woocommerce-product-new wc-block-product-new has-4-columns\"><ul class=\"wc-block-grid__products\"><li class=\"wc-block-grid__product\">\n\t\t\t\t<a href=\"https:\/\/germandomes.de\/en\/product\/geodesic-dome-geo-3-7-transparent-outdoor-dome-for-garden-leisure-germandomes\/\" class=\"wc-block-grid__product-link\">\n\t\t\t\t\t\n\t\t\t\t\t<div class=\"wc-block-grid__product-image\"><img fetchpriority=\"high\" decoding=\"async\" width=\"300\" height=\"300\" src=\"https:\/\/germandomes.de\/wp-content\/uploads\/2023\/09\/GermanDomes_GEO3.7_Glamping_3-300x300.jpg\" class=\"attachment-woocommerce_thumbnail size-woocommerce_thumbnail\" alt=\"Geodesic Dome GEO 3.7 \u2013 Transparent Outdoor Garden Dome\" srcset=\"https:\/\/germandomes.de\/wp-content\/uploads\/2023\/09\/GermanDomes_GEO3.7_Glamping_3-300x300.jpg 300w, https:\/\/germandomes.de\/wp-content\/uploads\/2023\/09\/GermanDomes_GEO3.7_Glamping_3-80x80.jpg 80w, https:\/\/germandomes.de\/wp-content\/uploads\/2023\/09\/GermanDomes_GEO3.7_Glamping_3-36x36.jpg 36w, https:\/\/germandomes.de\/wp-content\/uploads\/2023\/09\/GermanDomes_GEO3.7_Glamping_3-180x180.jpg 180w\" sizes=\"(max-width: 300px) 100vw, 300px\" \/><\/div>\n\t\t\t\t\t<div class=\"wc-block-grid__product-title\">Geodesic Dome GEO 3.7 \u2013 3.70\u202fm Diameter Transparent Outdoor Dome for Garden &amp; Leisure<\/div>\n\t\t\t\t<\/a>\n\t\t\t\t<div class=\"wc-block-grid__product-price price\"><span class=\"woocommerce-Price-amount amount\">5.990,00&nbsp;<span class=\"woocommerce-Price-currencySymbol\">&euro;<\/span><\/span><\/div>\n\t\t\t\t\n\t\t\t\t<div class=\"wp-block-button wc-block-grid__product-add-to-cart\"><a href=\"\/en\/wp-json\/wp\/v2\/pages\/7439?add-to-cart=7418\" aria-label=\"Add to cart: &ldquo;Geodesic Dome GEO 3.7 \u2013 3.70\u202fm Diameter Transparent Outdoor Dome for Garden &amp; Leisure&rdquo;\" data-quantity=\"1\" data-product_id=\"7418\" data-product_sku=\"\" data-price=\"5990\" rel=\"nofollow\" class=\"wp-block-button__link  add_to_cart_button ajax_add_to_cart\">Add to cart<\/a><\/div>\n\t\t\t<\/li><li class=\"wc-block-grid__product\">\n\t\t\t\t<a href=\"https:\/\/germandomes.de\/en\/product\/geodesic-dome-geo-5-5-m-outdoor-dome-for-events-glamping-germandomes\/\" class=\"wc-block-grid__product-link\">\n\t\t\t\t\t\n\t\t\t\t\t<div class=\"wc-block-grid__product-image\"><img decoding=\"async\" width=\"300\" height=\"300\" src=\"https:\/\/germandomes.de\/wp-content\/uploads\/2023\/10\/GermanDomes_GEO5_Glamping_1-Kopie-300x300.jpg\" class=\"attachment-woocommerce_thumbnail size-woocommerce_thumbnail\" alt=\"Geodesic Dome GEO 5 \u2013 Transparent Outdoor Event Dome\" srcset=\"https:\/\/germandomes.de\/wp-content\/uploads\/2023\/10\/GermanDomes_GEO5_Glamping_1-Kopie-300x300.jpg 300w, https:\/\/germandomes.de\/wp-content\/uploads\/2023\/10\/GermanDomes_GEO5_Glamping_1-Kopie-80x80.jpg 80w, https:\/\/germandomes.de\/wp-content\/uploads\/2023\/10\/GermanDomes_GEO5_Glamping_1-Kopie-36x36.jpg 36w, https:\/\/germandomes.de\/wp-content\/uploads\/2023\/10\/GermanDomes_GEO5_Glamping_1-Kopie-180x180.jpg 180w\" sizes=\"(max-width: 300px) 100vw, 300px\" \/><\/div>\n\t\t\t\t\t<div class=\"wc-block-grid__product-title\">Geodesic Dome GEO 5 \u2013 5.00\u202fm Diameter Transparent Outdoor Dome for Events &amp; Leisure<\/div>\n\t\t\t\t<\/a>\n\t\t\t\t<div class=\"wc-block-grid__product-price price\"><span class=\"woocommerce-Price-amount amount\">9.990,00&nbsp;<span class=\"woocommerce-Price-currencySymbol\">&euro;<\/span><\/span><\/div>\n\t\t\t\t\n\t\t\t\t<div class=\"wp-block-button wc-block-grid__product-add-to-cart\"><a href=\"\/en\/wp-json\/wp\/v2\/pages\/7439?add-to-cart=7421\" aria-label=\"Add to cart: &ldquo;Geodesic Dome GEO 5 \u2013 5.00\u202fm Diameter Transparent Outdoor Dome for Events &amp; Leisure&rdquo;\" data-quantity=\"1\" data-product_id=\"7421\" data-product_sku=\"\" data-price=\"9990\" rel=\"nofollow\" class=\"wp-block-button__link  add_to_cart_button ajax_add_to_cart\">Add to cart<\/a><\/div>\n\t\t\t<\/li><li class=\"wc-block-grid__product\">\n\t\t\t\t<a href=\"https:\/\/germandomes.de\/en\/product\/geo-8-geodesic-dome-8-m-transparent-outdoor-dome-germandomes\/\" class=\"wc-block-grid__product-link\">\n\t\t\t\t\t\n\t\t\t\t\t<div class=\"wc-block-grid__product-image\"><img decoding=\"async\" width=\"300\" height=\"300\" src=\"https:\/\/germandomes.de\/wp-content\/uploads\/2023\/01\/220607_080_GEO8_Luebeck-Trave_EdT-min-4-300x300.jpeg\" class=\"attachment-woocommerce_thumbnail size-woocommerce_thumbnail\" alt=\"GEO 8 geodesic dome \u2013 8-meter transparent dome for outdoor use\" srcset=\"https:\/\/germandomes.de\/wp-content\/uploads\/2023\/01\/220607_080_GEO8_Luebeck-Trave_EdT-min-4-300x300.jpeg 300w, https:\/\/germandomes.de\/wp-content\/uploads\/2023\/01\/220607_080_GEO8_Luebeck-Trave_EdT-min-4-80x80.jpeg 80w, https:\/\/germandomes.de\/wp-content\/uploads\/2023\/01\/220607_080_GEO8_Luebeck-Trave_EdT-min-4-36x36.jpeg 36w, https:\/\/germandomes.de\/wp-content\/uploads\/2023\/01\/220607_080_GEO8_Luebeck-Trave_EdT-min-4-180x180.jpeg 180w\" sizes=\"(max-width: 300px) 100vw, 300px\" \/><\/div>\n\t\t\t\t\t<div class=\"wc-block-grid__product-title\">GEO 8 \u2013 Geodesic Dome \u00d8 8.00\u202fm \u2013 Spacious Transparent Outdoor Dome<\/div>\n\t\t\t\t<\/a>\n\t\t\t\t<div class=\"wc-block-grid__product-price price\"><span class=\"woocommerce-Price-amount amount\">19.990,00&nbsp;<span class=\"woocommerce-Price-currencySymbol\">&euro;<\/span><\/span><\/div>\n\t\t\t\t\n\t\t\t\t<div class=\"wp-block-button wc-block-grid__product-add-to-cart\"><a href=\"\/en\/wp-json\/wp\/v2\/pages\/7439?add-to-cart=7422\" aria-label=\"Add to cart: &ldquo;GEO 8 \u2013 Geodesic Dome \u00d8 8.00\u202fm \u2013 Spacious Transparent Outdoor Dome&rdquo;\" data-quantity=\"1\" data-product_id=\"7422\" data-product_sku=\"\" data-price=\"19990\" rel=\"nofollow\" class=\"wp-block-button__link  add_to_cart_button ajax_add_to_cart\">Add to cart<\/a><\/div>\n\t\t\t<\/li><\/ul><\/div><\/div>\n<\/div>\n","protected":false},"excerpt":{"rendered":"","protected":false},"author":5,"featured_media":0,"parent":0,"menu_order":0,"comment_status":"closed","ping_status":"closed","template":"","meta":{"inline_featured_image":false,"footnotes":""},"class_list":["post-7439","page","type-page","status-publish","hentry"],"yoast_head":"<!-- This site is optimized with the Yoast SEO plugin v27.4 - https:\/\/yoast.com\/product\/yoast-seo-wordpress\/ -->\n<title>GermanDomes | Geod\u00e4tische Kuppeln f\u00fcr Messe, Event und Garten<\/title>\n<meta name=\"description\" content=\"GermanDomes | Geod\u00e4tische Kuppeln f\u00fcr Messe, Event und Garten - modern, zeitlos und innovativ - be outside inside\" \/>\n<meta name=\"robots\" content=\"index, follow, max-snippet:-1, max-image-preview:large, max-video-preview:-1\" \/>\n<link rel=\"canonical\" href=\"https:\/\/germandomes.de\/en\/cart\/\" \/>\n<meta property=\"og:locale\" content=\"en_US\" \/>\n<meta property=\"og:type\" content=\"article\" \/>\n<meta property=\"og:title\" content=\"GermanDomes | Geod\u00e4tische Kuppeln f\u00fcr Messe, Event und Garten\" \/>\n<meta property=\"og:description\" content=\"GermanDomes | Geod\u00e4tische Kuppeln f\u00fcr Messe, Event und Garten - modern, zeitlos und innovativ - be outside inside\" \/>\n<meta property=\"og:url\" content=\"https:\/\/germandomes.de\/en\/cart\/\" \/>\n<meta property=\"og:site_name\" content=\"GermanDomes Shop\" \/>\n<meta property=\"article:modified_time\" content=\"2025-11-28T11:29:28+00:00\" \/>\n<meta name=\"twitter:card\" content=\"summary_large_image\" \/>\n<script type=\"application\/ld+json\" class=\"yoast-schema-graph\">{\"@context\":\"https:\\\/\\\/schema.org\",\"@graph\":[{\"@type\":\"WebPage\",\"@id\":\"https:\\\/\\\/germandomes.de\\\/en\\\/cart\\\/\",\"url\":\"https:\\\/\\\/germandomes.de\\\/en\\\/cart\\\/\",\"name\":\"GermanDomes | Geod\u00e4tische Kuppeln f\u00fcr Messe, Event und Garten\",\"isPartOf\":{\"@id\":\"https:\\\/\\\/germandomes.de\\\/en\\\/#website\"},\"datePublished\":\"2025-11-10T11:21:08+00:00\",\"dateModified\":\"2025-11-28T11:29:28+00:00\",\"description\":\"GermanDomes | Geod\u00e4tische Kuppeln f\u00fcr Messe, Event und Garten - modern, zeitlos und innovativ - be outside inside\",\"breadcrumb\":{\"@id\":\"https:\\\/\\\/germandomes.de\\\/en\\\/cart\\\/#breadcrumb\"},\"inLanguage\":\"en-US\",\"potentialAction\":[{\"@type\":\"ReadAction\",\"target\":[\"https:\\\/\\\/germandomes.de\\\/en\\\/cart\\\/\"]}]},{\"@type\":\"BreadcrumbList\",\"@id\":\"https:\\\/\\\/germandomes.de\\\/en\\\/cart\\\/#breadcrumb\",\"itemListElement\":[{\"@type\":\"ListItem\",\"position\":1,\"name\":\"Startseite\",\"item\":\"https:\\\/\\\/germandomes.de\\\/en\\\/home\\\/\"},{\"@type\":\"ListItem\",\"position\":2,\"name\":\"Cart\"}]},{\"@type\":\"WebSite\",\"@id\":\"https:\\\/\\\/germandomes.de\\\/en\\\/#website\",\"url\":\"https:\\\/\\\/germandomes.de\\\/en\\\/\",\"name\":\"GermanDomes: Transparente Garten Kuppeln f\u00fcr Messe, Event, Garten, Glampling\",\"description\":\"Garten Kuppel | Transparente Kugel | Geo Dome  | Glamping Kuppel | Kuppeln | Dome\",\"publisher\":{\"@id\":\"https:\\\/\\\/germandomes.de\\\/en\\\/#organization\"},\"alternateName\":\"GermanDomes\",\"potentialAction\":[{\"@type\":\"SearchAction\",\"target\":{\"@type\":\"EntryPoint\",\"urlTemplate\":\"https:\\\/\\\/germandomes.de\\\/en\\\/?s={search_term_string}\"},\"query-input\":{\"@type\":\"PropertyValueSpecification\",\"valueRequired\":true,\"valueName\":\"search_term_string\"}}],\"inLanguage\":\"en-US\"},{\"@type\":\"Organization\",\"@id\":\"https:\\\/\\\/germandomes.de\\\/en\\\/#organization\",\"name\":\"GermanDomes: Transparente Garten Kuppeln f\u00fcr Messe, Event, Garten, Glampling\",\"url\":\"https:\\\/\\\/germandomes.de\\\/en\\\/\",\"logo\":{\"@type\":\"ImageObject\",\"inLanguage\":\"en-US\",\"@id\":\"https:\\\/\\\/germandomes.de\\\/en\\\/#\\\/schema\\\/logo\\\/image\\\/\",\"url\":\"https:\\\/\\\/germandomes.de\\\/wp-content\\\/uploads\\\/2023\\\/04\\\/GED_Logo_500.png\",\"contentUrl\":\"https:\\\/\\\/germandomes.de\\\/wp-content\\\/uploads\\\/2023\\\/04\\\/GED_Logo_500.png\",\"width\":500,\"height\":252,\"caption\":\"GermanDomes: Transparente Garten Kuppeln f\u00fcr Messe, Event, Garten, Glampling\"},\"image\":{\"@id\":\"https:\\\/\\\/germandomes.de\\\/en\\\/#\\\/schema\\\/logo\\\/image\\\/\"},\"sameAs\":[\"https:\\\/\\\/www.instagram.com\\\/germandomes\\\/\",\"https:\\\/\\\/de.pinterest.com\\\/germandomes\\\/\",\"https:\\\/\\\/www.linkedin.com\\\/company\\\/german-domes-gmbh\"]}]}<\/script>\n<!-- \/ Yoast SEO plugin. -->","yoast_head_json":{"title":"GermanDomes | Geod\u00e4tische Kuppeln f\u00fcr Messe, Event und Garten","description":"GermanDomes | Geod\u00e4tische Kuppeln f\u00fcr Messe, Event und Garten - modern, zeitlos und innovativ - be outside inside","robots":{"index":"index","follow":"follow","max-snippet":"max-snippet:-1","max-image-preview":"max-image-preview:large","max-video-preview":"max-video-preview:-1"},"canonical":"https:\/\/germandomes.de\/en\/cart\/","og_locale":"en_US","og_type":"article","og_title":"GermanDomes | Geod\u00e4tische Kuppeln f\u00fcr Messe, Event und Garten","og_description":"GermanDomes | Geod\u00e4tische Kuppeln f\u00fcr Messe, Event und Garten - modern, zeitlos und innovativ - be outside inside","og_url":"https:\/\/germandomes.de\/en\/cart\/","og_site_name":"GermanDomes Shop","article_modified_time":"2025-11-28T11:29:28+00:00","twitter_card":"summary_large_image","schema":{"@context":"https:\/\/schema.org","@graph":[{"@type":"WebPage","@id":"https:\/\/germandomes.de\/en\/cart\/","url":"https:\/\/germandomes.de\/en\/cart\/","name":"GermanDomes | Geod\u00e4tische Kuppeln f\u00fcr Messe, Event und Garten","isPartOf":{"@id":"https:\/\/germandomes.de\/en\/#website"},"datePublished":"2025-11-10T11:21:08+00:00","dateModified":"2025-11-28T11:29:28+00:00","description":"GermanDomes | Geod\u00e4tische Kuppeln f\u00fcr Messe, Event und Garten - modern, zeitlos und innovativ - be outside inside","breadcrumb":{"@id":"https:\/\/germandomes.de\/en\/cart\/#breadcrumb"},"inLanguage":"en-US","potentialAction":[{"@type":"ReadAction","target":["https:\/\/germandomes.de\/en\/cart\/"]}]},{"@type":"BreadcrumbList","@id":"https:\/\/germandomes.de\/en\/cart\/#breadcrumb","itemListElement":[{"@type":"ListItem","position":1,"name":"Startseite","item":"https:\/\/germandomes.de\/en\/home\/"},{"@type":"ListItem","position":2,"name":"Cart"}]},{"@type":"WebSite","@id":"https:\/\/germandomes.de\/en\/#website","url":"https:\/\/germandomes.de\/en\/","name":"GermanDomes: Transparente Garten Kuppeln f\u00fcr Messe, Event, Garten, Glampling","description":"Garten Kuppel | Transparente Kugel | Geo Dome  | Glamping Kuppel | Kuppeln | Dome","publisher":{"@id":"https:\/\/germandomes.de\/en\/#organization"},"alternateName":"GermanDomes","potentialAction":[{"@type":"SearchAction","target":{"@type":"EntryPoint","urlTemplate":"https:\/\/germandomes.de\/en\/?s={search_term_string}"},"query-input":{"@type":"PropertyValueSpecification","valueRequired":true,"valueName":"search_term_string"}}],"inLanguage":"en-US"},{"@type":"Organization","@id":"https:\/\/germandomes.de\/en\/#organization","name":"GermanDomes: Transparente Garten Kuppeln f\u00fcr Messe, Event, Garten, Glampling","url":"https:\/\/germandomes.de\/en\/","logo":{"@type":"ImageObject","inLanguage":"en-US","@id":"https:\/\/germandomes.de\/en\/#\/schema\/logo\/image\/","url":"https:\/\/germandomes.de\/wp-content\/uploads\/2023\/04\/GED_Logo_500.png","contentUrl":"https:\/\/germandomes.de\/wp-content\/uploads\/2023\/04\/GED_Logo_500.png","width":500,"height":252,"caption":"GermanDomes: Transparente Garten Kuppeln f\u00fcr Messe, Event, Garten, Glampling"},"image":{"@id":"https:\/\/germandomes.de\/en\/#\/schema\/logo\/image\/"},"sameAs":["https:\/\/www.instagram.com\/germandomes\/","https:\/\/de.pinterest.com\/germandomes\/","https:\/\/www.linkedin.com\/company\/german-domes-gmbh"]}]}},"jetpack_sharing_enabled":true,"_links":{"self":[{"href":"https:\/\/germandomes.de\/en\/wp-json\/wp\/v2\/pages\/7439","targetHints":{"allow":["GET"]}}],"collection":[{"href":"https:\/\/germandomes.de\/en\/wp-json\/wp\/v2\/pages"}],"about":[{"href":"https:\/\/germandomes.de\/en\/wp-json\/wp\/v2\/types\/page"}],"author":[{"embeddable":true,"href":"https:\/\/germandomes.de\/en\/wp-json\/wp\/v2\/users\/5"}],"replies":[{"embeddable":true,"href":"https:\/\/germandomes.de\/en\/wp-json\/wp\/v2\/comments?post=7439"}],"version-history":[{"count":0,"href":"https:\/\/germandomes.de\/en\/wp-json\/wp\/v2\/pages\/7439\/revisions"}],"wp:attachment":[{"href":"https:\/\/germandomes.de\/en\/wp-json\/wp\/v2\/media?parent=7439"}],"curies":[{"name":"wp","href":"https:\/\/api.w.org\/{rel}","templated":true}]}}